{"id":1293,"date":"2018-06-02T13:41:02","date_gmt":"2018-06-02T13:41:02","guid":{"rendered":"http:\/\/luisquintero.net\/blog\/?page_id=1293"},"modified":"2019-03-06T11:18:21","modified_gmt":"2019-03-06T11:18:21","slug":"politica-de-privacidad","status":"publish","type":"page","link":"https:\/\/luisquintero.net\/blog\/politica-de-privacidad\/","title":{"rendered":"Pol\u00edtica de privacidad"},"content":{"rendered":"<h2>Qui\u00e9nes somos<\/h2>\n<p>La direcci\u00f3n de nuestra web es: http:\/\/luisquintero.net\/. La actividad de esta web es mostrar la obra del artista Luis Quintero Brea.\u00a0<span style=\"font-weight: 400;\">El responsable del tratamiento de datos personales es: Mercedes Erice y su domicilio es C\/ Santa Rita, 16, 11.100 San Fernando (C\u00e1diz). Su correo electr\u00f3nico de contacto es info@adsise.com<\/span><\/p>\n<h2>Qu\u00e9 datos personales recogemos y por qu\u00e9 los recogemos<\/h2>\n<p><span style=\"font-weight: 400;\">Los datos personales que se recogen en esta web provienen de los formularios de comentarios y de contacto a disposici\u00f3n de los visitantes de la web.<\/span><\/p>\n<p><span style=\"font-weight: 400;\">La base legal para el tratamiento de sus datos es el consentimiento. Esta web siempre requiere el consentimiento previo de los usuarios para tratar sus datos personales mediante un campo de aceptaci\u00f3n de esta pol\u00edtica de privacidad y un enlace de acceso a la misma. La aceptaci\u00f3n de la pol\u00edtica de privacidad ser\u00e1 guardada y podr\u00e1 ser revocada por el usuario en cualquier momento.<\/span><\/p>\n<p><span style=\"font-weight: 400;\">Si el visitante de este sitio web es menor de 13 a\u00f1os, deber\u00e1 pedir el consentimiento a sus padres o tutores legales para rellenar cualquier formulario de este sitio.<\/span><\/p>\n<p><span style=\"font-weight: 400;\">En este sitio no se tratan categor\u00edas de datos especialmente protegidos.<\/span><\/p>\n<p><span style=\"font-weight: 400;\">Nunca enviamos correos comerciales. En el caso de que en alg\u00fan momento decidi\u00e9ramos empezar a enviar correos de este tipo, previamente solicitar\u00edamos a los usuarios su autorizaci\u00f3n.<\/span><\/p>\n<h3>Comentarios<\/h3>\n<p><span style=\"font-weight: 400;\">Cuando los visitantes dejan comentarios en la web, recopilamos los datos que se muestran en el formulario de comentarios, as\u00ed como la direcci\u00f3n IP del visitante y la cadena de agentes de usuario del navegador para ayudar a la detecci\u00f3n de spam.<\/span><\/p>\n<p><span style=\"font-weight: 400;\">Una cadena an\u00f3nima creada a partir de tu direcci\u00f3n de correo electr\u00f3nico (tambi\u00e9n llamada hash) puede ser proporcionada al servicio de Gravatar para ver si la est\u00e1s usando. La pol\u00edtica de privacidad del servicio Gravatar est\u00e1 disponible aqu\u00ed: https:\/\/automattic.com\/privacy\/. Despu\u00e9s de la aprobaci\u00f3n de tu comentario, la imagen de tu perfil es visible para el p\u00fablico en el contexto de su comentario.<\/span><\/p>\n<h3>Formularios de contacto<\/h3>\n<p><span style=\"font-weight: 400;\">Los visitantes de esta web pueden rellenar los formularios de contacto con sus datos de contacto: nombre, correo electr\u00f3nico, texto con un mensaje y otros datos que sean necesarios para atender su consulta, incluyendo sus direcci\u00f3n IP. Estos datos se guardan autom\u00e1ticamente y ser\u00e1n borrados cuando el cliente lo solicite.<\/span><\/p>\n<h3>Medios<\/h3>\n<p><span style=\"font-weight: 400;\">Si subes im\u00e1genes a la web deber\u00edas evitar subir im\u00e1genes con datos de ubicaci\u00f3n (GPS EXIF) incluidos. Los visitantes de la web podr\u00edan descargar y extraer estos datos de localizaci\u00f3n de las im\u00e1genes de la web.<\/span><\/p>\n<h3>Chat on line<\/h3>\n<p><span style=\"font-weight: 400;\">En alg\u00fan momento es posible que se active en este sitio una ventana de chat que permite al usuario iniciar una conversaci\u00f3n textual con alguna persona responsable de este sitio. En este caso, se guardar\u00e1 el contenido de la conversaci\u00f3n y los datos de contacto facilitados por el visitante, incluyendo su direcci\u00f3n IP, el tiempo necesario para atender sus consultas.<\/span><\/p>\n<h3>Cookies<\/h3>\n<p><span style=\"font-weight: 400;\">Si dejas un comentario en nuestro sitio puedes elegir guardar tu nombre, direcci\u00f3n de correo electr\u00f3nico y web en cookies. Esto es para tu comodidad, para que no tengas que volver a rellenar tus datos cuando dejes otro comentario. Estas cookies tendr\u00e1n una duraci\u00f3n de un a\u00f1o.<\/span><\/p>\n<p><span style=\"font-weight: 400;\">Si tienes una cuenta y te conectas a este sitio, instalaremos una cookie temporal para determinar si tu navegador acepta cookies. Esta cookie no contiene datos personales y se elimina al cerrar el navegador.<\/span><\/p>\n<p><span style=\"font-weight: 400;\">Cuando inicias sesi\u00f3n, tambi\u00e9n instalaremos varias cookies para guardar tu informaci\u00f3n de inicio de sesi\u00f3n y tus opciones de visualizaci\u00f3n de pantalla. Las cookies de inicio de sesi\u00f3n duran dos d\u00edas, y las cookies de opciones de pantalla duran un a\u00f1o. Si seleccionas &#8220;Recordarme&#8221;, tu inicio de sesi\u00f3n perdurar\u00e1 durante dos semanas. Si sales de tu cuenta, las cookies de inicio de sesi\u00f3n se eliminar\u00e1n.<\/span><\/p>\n<p><span style=\"font-weight: 400;\">Si editas o publicas un art\u00edculo se guardar\u00e1 una cookie adicional en tu navegador. Esta cookie no incluye datos personales y simplemente indica el ID del art\u00edculo que acabas de editar. Caduca despu\u00e9s de 1 d\u00eda.<\/span><\/p>\n<p><a href=\"\/politica-de-cookies\/\">En este enlace puedes ver nuestra pol\u00edtica de cookies.<\/a><\/p>\n<h3>Contenido incrustado de otros sitios web<\/h3>\n<p><span style=\"font-weight: 400;\">Los art\u00edculos de este sitio pueden incluir contenido incrustado (por ejemplo, v\u00eddeos, im\u00e1genes, art\u00edculos, etc.). El contenido incrustado de otras web se comporta exactamente de la misma manera que si el visitante hubiera visitado la otra web.<\/span><\/p>\n<p><span style=\"font-weight: 400;\">Estas webs pueden recopilar datos sobre ti, utilizar cookies, incrustar un seguimiento adicional de terceros, y supervisar tu interacci\u00f3n con ese contenido incrustado, incluido el seguimiento de su interacci\u00f3n con el contenido incrustado si tienes una cuenta y est\u00e1s conectado a esa web.<\/span><\/p>\n<h3>Anal\u00edticas<\/h3>\n<p><span style=\"font-weight: 400;\">Hacemos uso del servicio Google Analytics, suministrado por la empresa Google Inc, con sede en Estados Unidos, a quien se realiza una transferencia internacional de datos, de tipo anal\u00edticos y t\u00e9cnicos en relaci\u00f3n con este sitio web, siendo en sus servidores en los que tratamos los datos de los usuarios que visitan este sitio.<\/span><\/p>\n<h2>Con qui\u00e9n compartimos tus datos<\/h2>\n<p><span style=\"font-weight: 400;\">Nunca se compartir\u00e1n ni ser\u00e1n cedidos datos de usuarios obtenidos mediante esta web a terceros con fines comerciales. Para el normal funcionamiento de esta web, los siguientes agentes, pueden tener acceso a los datos recabados por este sitio por motivos t\u00e9cnicos:<\/span><\/p>\n<h3><a href=\"http:\/\/adsise.com\"><span style=\"font-weight: 400;\">adsise.com<\/span><\/a><\/h3>\n<p><span style=\"font-weight: 400;\">Es la empresa que nos proporciona los servicios inform\u00e1ticos para el funcionamiento de este sitio web: dominio, alojamiento de archivos, bases de datos, gestor de contenidos, correo electr\u00f3nico, acceso a servicios de anal\u00edticas externos. Adsise gestiona sus propios servidores dentro de la Uni\u00f3n Europea. <a href=\"http:\/\/adsise.com\/politica-de-privacidad\/\">Pol\u00edtica de privacidad de Adsise<\/a>.<\/span><\/p>\n<h3><span style=\"font-weight: 400;\">Google<\/span><\/h3>\n<p><span style=\"font-weight: 400;\">Para sufragar los gastos de mantenimiento de esta web, se utilizan los servicios de publicidad de Google Adsense, ofrecidos por la empresa Google, Inc., cuya oficina principal est\u00e1 en Mountain View (California), Estados Unidos.<\/span><\/p>\n<p><span style=\"font-weight: 400;\">Google utiliza cookies para publicar anuncios en este sitio web. El usuario puede inhabilitar el uso de estas cookies siguiendo las instrucciones que se indican en secci\u00f3n de publicidad de la pol\u00edtica de privacidad de Google. <\/span><a href=\"https:\/\/myaccount.google.com\/intro\/privacycheckup?hl=es\"><span style=\"font-weight: 400;\">Revisi\u00f3n de privacidad de google.<\/span><\/a><\/p>\n<p><span style=\"font-weight: 400;\">Servicio de an\u00e1lisis de visitas Google Analytics. Es un servicio anal\u00edtico de web prestado por Google, Inc., una compa\u00f1\u00eda de cuya oficina principal est\u00e1 en Mountain View (California), Estados Unidos. Google Analytics utiliza cookies, que son archivos de texto que se guardan en tu ordenador, para permitirnos analizar el uso que hacen los usuarios de este sitio web. La informaci\u00f3n que genera la cookie acerca de su uso en este sitio (incluyendo tu direcci\u00f3n IP) ser\u00e1 directamente transmitida y archivada por Google en los servidores de Estados Unidos.\u00a0<\/span><a href=\"https:\/\/policies.google.com\/privacy?hl=es-419\"><span style=\"font-weight: 400;\">Pol\u00edtica de privacidad de Google.<\/span><\/a><\/p>\n<h2>Cu\u00e1nto tiempo conservamos tus datos<\/h2>\n<p><span style=\"font-weight: 400;\">Si dejas un comentario, el comentario y sus metadatos se conservan indefinidamente. De los usuarios que se registran en nuestra web (si los hay), tambi\u00e9n almacenamos la informaci\u00f3n personal que proporcionan en su perfil de usuario. Todos los usuarios pueden ver, editar o eliminar su informaci\u00f3n personal en cualquier momento (excepto que no pueden cambiar su nombre de usuario). Los administradores de la web tambi\u00e9n pueden ver y editar esa informaci\u00f3n.<\/span><\/p>\n<h2>Qu\u00e9 derechos tienes sobre tus datos<\/h2>\n<p><span style=\"font-weight: 400;\">Tienes derecho a solicitar el acceso a tus datos personales: puedes preguntarnos si estamos tratando tus datos.\u00a0<\/span><span style=\"font-weight: 400;\">Si tienes una cuenta o has dejado comentarios en esta web, puedes solicitar un archivo de exportaci\u00f3n de los datos personales que tenemos sobre ti, incluyendo cualquier dato que nos hayas proporcionado:<\/span><\/p>\n<p><span style=\"font-weight: 400;\"><form class=\"gdpr-request-form gdpr-export-data-form confirmed\" method=\"post\">\n\t<input type=\"hidden\" id=\"gdpr_request_nonce\" name=\"gdpr_request_nonce\" value=\"95c28ee822\" \/><input type=\"hidden\" name=\"_wp_http_referer\" value=\"\/blog\/wp-json\/wp\/v2\/pages\/1293\" \/>\t<input type=\"hidden\" name=\"action\" value=\"gdpr_send_request_email\">\n\t<input type=\"hidden\" name=\"type\" value=\"export-data\">\n\t\t\t<input type=\"email\" name=\"user_email\" placeholder=\"correo@dominio.com\" required>\n\t\t\t\t<input type=\"submit\" value=\"Descargar mis datos\">\n<\/form>\n<\/span><\/p>\n<p><span style=\"font-weight: 400;\">Tambi\u00e9n puedes solicitar que rectifiquemos cualquier dato personal err\u00f3neo que tengamos sobre t\u00ed:<\/span><\/p>\n<p><span style=\"font-weight: 400;\"><form class=\"gdpr-request-form gdpr-add-to-rectify-requests confirmed\" method=\"post\">\n\t<input type=\"hidden\" id=\"gdpr_request_nonce\" name=\"gdpr_request_nonce\" value=\"95c28ee822\" \/><input type=\"hidden\" name=\"_wp_http_referer\" value=\"\/blog\/wp-json\/wp\/v2\/pages\/1293\" \/>\t<input type=\"hidden\" name=\"action\" value=\"gdpr_send_request_email\">\n\t<input type=\"hidden\" name=\"type\" value=\"rectify\">\n\t\t\t<input type=\"email\" name=\"user_email\" placeholder=\"correo@dominio.com\" required>\n\t\t<textarea name=\"data\" rows=\"5\" required placeholder=\"Escribe aqu\u00ed tu solicitud de rectificaci\u00f3n\"><\/textarea>\n\t\t\t<input type=\"submit\" value=\"Enviar\">\n<\/form>\n<\/span><\/p>\n<p><span style=\"font-weight: 400;\">Puedes solicitar que eliminemos cualquier dato personal que tengamos sobre ti, exceptuando los datos que estemos obligados a conservar con fines administrativos, legales o de seguridad:<\/span><\/p>\n<p><span style=\"font-weight: 400;\">\n<form class=\"gdpr-request-form gdpr-add-to-deletion-requests\" method=\"post\">\n\t<input type=\"hidden\" id=\"gdpr_request_nonce\" name=\"gdpr_request_nonce\" value=\"95c28ee822\" \/><input type=\"hidden\" name=\"_wp_http_referer\" value=\"\/blog\/wp-json\/wp\/v2\/pages\/1293\" \/>\t<input type=\"hidden\" name=\"action\" value=\"gdpr_send_request_email\">\n\t<input type=\"hidden\" name=\"type\" value=\"delete\">\n\t\t\t<input type=\"email\" name=\"user_email\" placeholder=\"correo@dominio.com\" required>\n\t\t\t\t<input type=\"submit\" value=\"Cerrar mi cuenta\">\n<\/form>\n<\/span><\/p>\n<p><span style=\"font-weight: 400;\">Si quieres realizar alguna reclamaci\u00f3n en cuanto a la forma en que tratamos tus datos, puedes dirigirte a la \u00a0<\/span><a href=\"https:\/\/www.agpd.es\/\"><span style=\"font-weight: 400;\">Agencia Espa\u00f1ola de Protecci\u00f3n de Datos<\/span><\/a><span style=\"font-weight: 400;\">.<\/span><\/p>\n<p><span style=\"font-weight: 400;\">Tambi\u00e9n puedes ejercer tus derechos a revisar, recuperar, anonimizar y\/o borrar, total o parcialmente, los datos almacenados en este sitio web mediante el correo electr\u00f3nico <\/span><a href=\"mailto:info@adsise.com\"><span style=\"font-weight: 400;\">info@adsise.com<\/span><\/a>\u00a0o el siguiente formulario:<\/p>\n<p><span style=\"font-weight: 400;\"><form class=\"gdpr-request-form gdpr-add-to-complaint-requests confirmed\" method=\"post\">\n\t<input type=\"hidden\" id=\"gdpr_request_nonce\" name=\"gdpr_request_nonce\" value=\"95c28ee822\" \/><input type=\"hidden\" name=\"_wp_http_referer\" value=\"\/blog\/wp-json\/wp\/v2\/pages\/1293\" \/>\t<input type=\"hidden\" name=\"action\" value=\"gdpr_send_request_email\">\n\t<input type=\"hidden\" name=\"type\" value=\"complaint\">\n\t\t\t<input type=\"email\" name=\"user_email\" placeholder=\"correo@dominio.com\" required>\n\t\t<textarea name=\"data\" rows=\"5\" required placeholder=\"Escribe aqu\u00ed tu reclamaci\u00f3n\"><\/textarea>\n\n\t\t\t<input type=\"submit\" value=\"Enviar\">\n<\/form>\n<\/span><\/p>\n<h2>D\u00f3nde enviamos tus datos<\/h2>\n<p><span style=\"font-weight: 400;\">Los datos que nos facilitas estar\u00e1n ubicados en servidores de adsise.com dentro de la UE.<\/span><\/p>\n<p><span style=\"font-weight: 400;\">Los comentarios de los visitantes puede que los revise un servicio de detecci\u00f3n autom\u00e1tica de spam.<\/span><\/p>\n<p><span style=\"font-weight: 400;\">Recopilamos informaci\u00f3n sobre los visitantes que comentan en los sitios que usan nuestro servicio anti-spam Akismet. La informaci\u00f3n que recopilamos depende de c\u00f3mo el usuario configure Akismet en el sitio, pero normalmente incluye la direcci\u00f3n IP del comentarista, el navegador del usuario, el sitio de referencia y la URL del sitio (adem\u00e1s de otra informaci\u00f3n directamente facilitada por el comentarista, como su nombre, nombre de usuario, direcci\u00f3n de correo electr\u00f3nico y el mismo comentario).<\/span><\/p>\n<h3>C\u00f3mo protegemos tus datos. Qu\u00e9 procedimientos utilizamos contra las brechas de datos<\/h3>\n<p><span style=\"font-weight: 400;\">Para proteger los datos de esta web, se usan los servicios de<\/span><a href=\"http:\/\/adsise.com\"> <span style=\"font-weight: 400;\">adsise.com<\/span><\/a><span style=\"font-weight: 400;\">, cuya informaci\u00f3n acerca de las medidas de seguridad aplicadas est\u00e1n disponibles en <\/span><a href=\"http:\/\/adsise.com\/politica-de-privacidad\/\"><span style=\"font-weight: 400;\">http:\/\/adsise.com\/politica-de-privacidad\/<\/span><\/a><\/p>\n<p><span style=\"font-weight: 400;\">Los datos que nos facilitas estar\u00e1n ubicados en servidores de adsise.com dentro de la UE.<\/span><\/p>\n","protected":false},"excerpt":{"rendered":"<p>Qui\u00e9nes somos La direcci\u00f3n de nuestra web es: http:\/\/luisquintero.net\/. La actividad de esta web es mostrar la obra del artista Luis Quintero Brea.\u00a0El responsable del tratamiento de datos personales es: Mercedes Erice y su domicilio es C\/ Santa Rita, 16, 11.100 San Fernando (C\u00e1diz). Su correo electr\u00f3nico de contacto es info@adsise.com Qu\u00e9 datos personales recogemos &hellip; <a href=\"https:\/\/luisquintero.net\/blog\/politica-de-privacidad\/\" class=\"more-link\">Sigue leyendo <span class=\"screen-reader-text\">Pol\u00edtica de privacidad<\/span><\/a><\/p>\n","protected":false},"author":1,"featured_media":0,"parent":0,"menu_order":6,"comment_status":"closed","ping_status":"closed","template":"","meta":{"jetpack_post_was_ever_published":false,"footnotes":""},"class_list":["post-1293","page","type-page","status-publish","hentry"],"jetpack_sharing_enabled":true,"jetpack_shortlink":"https:\/\/wp.me\/P6WHFJ-kR","jetpack-related-posts":[],"_links":{"self":[{"href":"https:\/\/luisquintero.net\/blog\/wp-json\/wp\/v2\/pages\/1293","targetHints":{"allow":["GET"]}}],"collection":[{"href":"https:\/\/luisquintero.net\/blog\/wp-json\/wp\/v2\/pages"}],"about":[{"href":"https:\/\/luisquintero.net\/blog\/wp-json\/wp\/v2\/types\/page"}],"author":[{"embeddable":true,"href":"https:\/\/luisquintero.net\/blog\/wp-json\/wp\/v2\/users\/1"}],"replies":[{"embeddable":true,"href":"https:\/\/luisquintero.net\/blog\/wp-json\/wp\/v2\/comments?post=1293"}],"version-history":[{"count":6,"href":"https:\/\/luisquintero.net\/blog\/wp-json\/wp\/v2\/pages\/1293\/revisions"}],"predecessor-version":[{"id":1304,"href":"https:\/\/luisquintero.net\/blog\/wp-json\/wp\/v2\/pages\/1293\/revisions\/1304"}],"wp:attachment":[{"href":"https:\/\/luisquintero.net\/blog\/wp-json\/wp\/v2\/media?parent=1293"}],"curies":[{"name":"wp","href":"https:\/\/api.w.org\/{rel}","templated":true}]}}