{"id":1370,"date":"2019-03-06T10:28:33","date_gmt":"2019-03-06T10:28:33","guid":{"rendered":"https:\/\/luisquintero.net\/blog\/?page_id=1370"},"modified":"2019-04-19T18:50:34","modified_gmt":"2019-04-19T18:50:34","slug":"circulo-de-amigos-de-luis-quintero","status":"publish","type":"page","link":"https:\/\/luisquintero.net\/blog\/","title":{"rendered":"C\u00edrculo de amigos de Luis Quintero"},"content":{"rendered":"\n<p>Coincidiendo en la idea de que la amistad y la admiraci\u00f3n comunes hacia una persona son un v\u00ednculo que debe atesorarse, un nutrido grupo de amigos del malogrado  artista gaditano Luis Quintero Brea (1963-2017) hemos registrado legalmente una asociaci\u00f3n con su nombre.<\/p>\n\n\n\n<p>\nEl <em>C\u00edrculo de Amigos de Luis Quintero<\/em> se propone celebrar su\nmemoria y divulgar su legado art\u00edstico, que a nuestro entender se\nconoce de un modo parcial y confuso. El car\u00e1cter insobornable y la\nfirmeza de los presupuestos est\u00e9ticos de Quintero no facilitaron las\ncosas en ese sentido, de modo que la sorprendente versatilidad de\neste artista, que transit\u00f3 por \u00e1mbitos tan distintos como la\nescultura monumental, la joyer\u00eda, la pintura, el bajorrelieve, los\nacr\u00f3sticos, la m\u00fasica, el collage o los aut\u00f3matas, est\u00e1 a\u00fan por\nconocerse y valorarse. A tal misi\u00f3n nace abocado este C\u00edrculo, en\ncuyo centro, apoyando nuestros recuerdos parciales, se encuentra la\nmemoria viva de su compa\u00f1era y colaboradora constante, Mercedes\nErice.<\/p>\n\n\n\n<p>\nLa idea que nos mueve es la de proyectar la obra de Quintero tanto\nnacional como internacionalmente. El primer proyecto del C\u00edrculo\ngira en torno a una gran exposici\u00f3n de la obra de nuestro amigo, que\npreparamos para el a\u00f1o 2020 en su ciudad natal. Con ella queremos\ndar a conocer la amplitud y la diversidad de una obra sorprendente\npor muchos motivos, desde su originalidad conceptual a su minucioso\nacabado t\u00e9cnico. \n<\/p>\n\n\n\n<p> Todos conocemos las cuatro piezas monumentales de Quintero que ilustran las calles y plazas de C\u00e1diz: las estatuas de <a rel=\"noreferrer noopener\" aria-label=\"Fernando Qui\u00f1ones en la Caleta (opens in a new tab)\" href=\"https:\/\/luisquintero.net\/mostrar_imagen.php?itinerario=intemperie&amp;orden=11\" target=\"_blank\">Fernando Qui\u00f1ones en la Caleta<\/a> y la de <a rel=\"noreferrer noopener\" aria-label=\"Carlos Edmundo de Ory (opens in a new tab)\" href=\"https:\/\/luisquintero.net\/mostrar_imagen.php?itinerario=intemperie&amp;orden=12\" target=\"_blank\">Carlos Edmundo de Ory<\/a> en la Alameda, as\u00ed los monumentos a la <a rel=\"noreferrer noopener\" aria-label=\"Libertad de Prensa (opens in a new tab)\" href=\"https:\/\/luisquintero.net\/mostrar_imagen.php?itinerario=intemperie&amp;orden=0\" target=\"_blank\">Libertad de Prensa<\/a> \u2013un tema candente hoy en d\u00eda\u2013 y a la Constituci\u00f3n de 1978, el popular <a href=\"https:\/\/luisquintero.net\/mostrar_imagen.php?itinerario=intemperie&amp;orden=5\" target=\"_blank\" rel=\"noreferrer noopener\" aria-label=\"jaul\u00e1jaro (opens in a new tab)\">jaul\u00e1jaro<\/a>. Pero esta faceta de nuestro amigo fue s\u00f3lo una de su prism\u00e1tico talento, y queremos que el p\u00fablico pueda tener ocasi\u00f3n de apreciar las restantes. Con motivo de la Exposici\u00f3n planeamos editar un cat\u00e1logo extenso donde se recojan tanto su obra como su vida, la cual, a pesar de su relativa brevedad no resulta menos sorprendente que aquella.  Por ejemplo: \u00bfsaben ustedes que con diez a\u00f1os les rob\u00f3 la cabra a los gitanos, la subi\u00f3 hasta su casa y la escondi\u00f3 debajo de su cama? \u00bfC\u00f3mo no hacerse amigo de alguien as\u00ed?  <\/p>\n\n\n\n<p>\n\t\t\t\t\tC\u00edrculo de Amigos de Luis Quintero<\/p>\n\n\n\n<p>\nEn la ciudad de C\u00e1diz, a 27 de febrero de 2019<\/p>\n\n\n\n<p><em>Las personas interesadas en <strong>pertenecer al C\u00edrculo de Amigos de Luis<\/strong> <strong>Quintero<\/strong> pueden contactar a trav\u00e9s del mail: <\/em><a href=\"mailto:circuloamigosluisquintero@gmail.com\"><em>circuloamigosluisquintero@gmail.com<\/em><\/a><\/p>\n\n\n\n<p style=\"text-align:center\"><strong>Noticias en prensa:<\/strong><br><a rel=\"noreferrer noopener\" aria-label=\"Nace la asociaci\u00f3n &quot;C\u00edrculo de amigos de Luis Quintero&quot; (opens in a new tab)\" href=\"https:\/\/www.portaldecadiz.com\/cultura\/39404-nace-la-asociacion-circulo-de-amigos-de-luis-quintero\" target=\"_blank\">Nace la asociaci\u00f3n &#8220;C\u00edrculo de amigos de Luis Quintero&#8221; Miguel \u00c1ngel Vallecillo. Portal de C\u00e1diz<\/a><\/p>\n\n\n\n<p style=\"text-align:center\"><a rel=\"noreferrer noopener\" aria-label=\"El legado de Luis Quintero. Diario de C\u00e1diz (opens in a new tab)\" href=\"https:\/\/www.diariodecadiz.es\/ocio\/Luis-Quintero-exposicion_0_1339966517.html\" target=\"_blank\">El legado de Luis Quintero. Tamara Garc\u00eda. Diario de C\u00e1diz<\/a><\/p>\n\n\n\n<p style=\"text-align:center\"><a rel=\"noreferrer noopener\" aria-label=\"Lvis Qvintero. Diario de C\u00e1diz (opens in a new tab)\" href=\"https:\/\/www.diariodecadiz.es\/opinion\/analisis\/Lvis-Qvintero_0_1341765827.html\" target=\"_blank\">Lvis Qvintero. Ana Sof\u00eda P\u00e9rez-Bustamante. Diario de C\u00e1diz<\/a><\/p>\n\n\n\n<p style=\"text-align:center\"><strong>Y estamos en Facebook en un grupo p\u00fablico:<\/strong><\/p>\n\n\n\n<p style=\"text-align:center\"><a href=\"https:\/\/www.facebook.com\/groups\/380123925873790\/\" target=\"_blank\" rel=\"noreferrer noopener\" aria-label=\"C\u00edrculo de amigos de Luis Quintero (opens in a new tab)\">C\u00edrculo de amigos de Luis Quintero<\/a><\/p>\n\n\n\n<figure class=\"wp-block-image\"><img loading=\"lazy\" decoding=\"async\" width=\"645\" height=\"322\" src=\"https:\/\/luisquintero.net\/blog\/wp-content\/uploads\/2019\/04\/53625595_2509818352424979_4074644875398610944_n.jpg\" alt=\"\" class=\"wp-image-1425\" srcset=\"https:\/\/luisquintero.net\/blog\/wp-content\/uploads\/2019\/04\/53625595_2509818352424979_4074644875398610944_n.jpg 645w, https:\/\/luisquintero.net\/blog\/wp-content\/uploads\/2019\/04\/53625595_2509818352424979_4074644875398610944_n-300x150.jpg 300w\" sizes=\"auto, (max-width: 645px) 100vw, 645px\" \/><figcaption>El sombrero del cura<br><em>A La Muerte Atareada<\/em><br>Luis Quintero<\/figcaption><\/figure>\n","protected":false},"excerpt":{"rendered":"<p>Coincidiendo en la idea de que la amistad y la admiraci\u00f3n comunes hacia una persona son un v\u00ednculo que debe atesorarse, un nutrido grupo de amigos del malogrado artista gaditano Luis Quintero Brea (1963-2017) hemos registrado legalmente una asociaci\u00f3n con su nombre. El C\u00edrculo de Amigos de Luis Quintero se propone celebrar su memoria y &hellip; <a href=\"https:\/\/luisquintero.net\/blog\/\" class=\"more-link\">Sigue leyendo <span class=\"screen-reader-text\">C\u00edrculo de amigos de Luis Quintero<\/span><\/a><\/p>\n","protected":false},"author":1,"featured_media":1387,"parent":0,"menu_order":2,"comment_status":"closed","ping_status":"closed","template":"","meta":{"jetpack_post_was_ever_published":false,"footnotes":""},"class_list":["post-1370","page","type-page","status-publish","has-post-thumbnail","hentry"],"jetpack_sharing_enabled":true,"jetpack_shortlink":"https:\/\/wp.me\/P6WHFJ-m6","jetpack-related-posts":[],"_links":{"self":[{"href":"https:\/\/luisquintero.net\/blog\/wp-json\/wp\/v2\/pages\/1370","targetHints":{"allow":["GET"]}}],"collection":[{"href":"https:\/\/luisquintero.net\/blog\/wp-json\/wp\/v2\/pages"}],"about":[{"href":"https:\/\/luisquintero.net\/blog\/wp-json\/wp\/v2\/types\/page"}],"author":[{"embeddable":true,"href":"https:\/\/luisquintero.net\/blog\/wp-json\/wp\/v2\/users\/1"}],"replies":[{"embeddable":true,"href":"https:\/\/luisquintero.net\/blog\/wp-json\/wp\/v2\/comments?post=1370"}],"version-history":[{"count":21,"href":"https:\/\/luisquintero.net\/blog\/wp-json\/wp\/v2\/pages\/1370\/revisions"}],"predecessor-version":[{"id":1428,"href":"https:\/\/luisquintero.net\/blog\/wp-json\/wp\/v2\/pages\/1370\/revisions\/1428"}],"wp:featuredmedia":[{"embeddable":true,"href":"https:\/\/luisquintero.net\/blog\/wp-json\/wp\/v2\/media\/1387"}],"wp:attachment":[{"href":"https:\/\/luisquintero.net\/blog\/wp-json\/wp\/v2\/media?parent=1370"}],"curies":[{"name":"wp","href":"https:\/\/api.w.org\/{rel}","templated":true}]}}